{"id":201,"date":"2026-03-04T09:38:28","date_gmt":"2026-03-04T09:38:28","guid":{"rendered":"https:\/\/eventosaloia.rkinformatika.online\/?page_id=201"},"modified":"2026-03-04T10:25:09","modified_gmt":"2026-03-04T10:25:09","slug":"inicio","status":"publish","type":"page","link":"https:\/\/eventosaloia.com\/en\/","title":{"rendered":"Inicio"},"content":{"rendered":"<div data-elementor-type=\"wp-page\" data-elementor-id=\"201\" class=\"elementor elementor-201\" data-elementor-post-type=\"page\">\n\t\t\t\t<div class=\"elementor-element elementor-element-8c6e587 e-flex e-con-boxed e-con e-parent\" data-id=\"8c6e587\" data-element_type=\"container\" data-e-type=\"container\" data-settings=\"{&quot;background_background&quot;:&quot;classic&quot;}\">\n\t\t\t\t\t<div class=\"e-con-inner\">\n\t\t<div class=\"elementor-element elementor-element-2f90254 e-con-full e-flex e-con e-child\" data-id=\"2f90254\" data-element_type=\"container\" data-e-type=\"container\">\n\t\t\t\t<div class=\"elementor-element elementor-element-9ac07c7 elementor-widget elementor-widget-image\" data-id=\"9ac07c7\" data-element_type=\"widget\" data-e-type=\"widget\" data-widget_type=\"image.default\">\n\t\t\t\t\t\t\t\t\t\t\t\t\t\t\t\t<a href=\"https:\/\/aloiaestudiofloral.com\/\" target=\"_blank\">\n\t\t\t\t\t\t\t<img fetchpriority=\"high\" decoding=\"async\" width=\"508\" height=\"197\" src=\"https:\/\/eventosaloia.com\/wp-content\/uploads\/2026\/03\/Logo-aloia-con-flor-e1772615100618.png\" class=\"attachment-full size-full wp-image-72\" alt=\"\" srcset=\"https:\/\/eventosaloia.com\/wp-content\/uploads\/2026\/03\/Logo-aloia-con-flor-e1772615100618.png 508w, https:\/\/eventosaloia.com\/wp-content\/uploads\/2026\/03\/Logo-aloia-con-flor-e1772615100618-300x116.png 300w, https:\/\/eventosaloia.com\/wp-content\/uploads\/2026\/03\/Logo-aloia-con-flor-e1772615100618-18x7.png 18w\" sizes=\"(max-width: 508px) 100vw, 508px\" \/>\t\t\t\t\t\t\t\t<\/a>\n\t\t\t\t\t\t\t\t\t\t\t\t\t\t\t<\/div>\n\t\t\t\t<\/div>\n\t\t<div class=\"elementor-element elementor-element-bdffa41 e-con-full e-flex e-con e-child\" data-id=\"bdffa41\" data-element_type=\"container\" data-e-type=\"container\">\n\t\t\t\t<div class=\"elementor-element elementor-element-75ac7ca elementor-widget elementor-widget-heading\" data-id=\"75ac7ca\" data-element_type=\"widget\" data-e-type=\"widget\" data-widget_type=\"heading.default\">\n\t\t\t\t\t<h2 class=\"elementor-heading-title elementor-size-default\">ALOIA, FLORAL STUDIO AND EVENT DECORATION<\/h2>\t\t\t\t<\/div>\n\t\t\t\t<div class=\"elementor-element elementor-element-34cd7ba elementor-widget elementor-widget-text-editor\" data-id=\"34cd7ba\" data-element_type=\"widget\" data-e-type=\"widget\" data-widget_type=\"text-editor.default\">\n\t\t\t\t\t\t\t\t\t<p>We are Nuria and Javi, the heart and soul of <strong>ALOIA<\/strong> And we would like you to get to know us a little bit before anything else.<\/p><p>As master florists, we love the world of design, decoration, the love for small details, nature and of course, flowers.<\/p><p>Our journey through the floral world dates back to the 1980s, when the first generation of florists began. <strong>ALOIA<\/strong>. A floral studio, born as a project with fresh and innovative ideas and most importantly, with great enthusiasm and a love for a job well done.<\/p><p>Our working style is characterized by creating relaxed compositions that evoke wild nature in their shapes and colors. From <strong>ALOIA<\/strong>,<br \/>We offer all kinds of services. In our cozy flower shop in Illescas, we sell (both in-store and online) vase bouquets, baskets full of flowers, dried and preserved decorations\u2026 but we also create floral arrangements for weddings and events. We love it!<\/p><p>Why are we your floral decorator? In <strong>ALOIA<\/strong> We're not guilty of being traditional or stuck in the past; we're always up-to-date with the latest floral and decorating trends. That's why we want to share a glimpse of our work with you.<\/p><p>How do we work? In <strong>ALOIA<\/strong>, We adapt to the client's needs. The most important thing, and the first thing we need to know, is the type of event and the space where it will take place. Once we know this, we design an exclusive d\u00e9cor for each event with specific colors and flower styles. We are always evolving to offer you the very best.<\/p>\t\t\t\t\t\t\t\t<\/div>\n\t\t\t\t<\/div>\n\t\t\t\t\t<\/div>\n\t\t\t\t<\/div>\n\t\t<div class=\"elementor-element elementor-element-ac0eccb e-con-full e-flex e-con e-parent\" data-id=\"ac0eccb\" data-element_type=\"container\" data-e-type=\"container\">\n\t\t<div class=\"elementor-element elementor-element-a11dd20 e-con-full e-flex e-con e-child\" data-id=\"a11dd20\" data-element_type=\"container\" data-e-type=\"container\">\n\t\t\t\t<div class=\"elementor-element elementor-element-b4891fe elementor-widget elementor-widget-image\" data-id=\"b4891fe\" data-element_type=\"widget\" data-e-type=\"widget\" data-widget_type=\"image.default\">\n\t\t\t\t\t\t\t\t\t\t\t\t\t\t\t<img decoding=\"async\" width=\"751\" height=\"841\" src=\"https:\/\/eventosaloia.com\/wp-content\/uploads\/2026\/03\/Captura-desde-2026-03-04-10-40-55.png\" class=\"attachment-full size-full wp-image-205\" alt=\"\" srcset=\"https:\/\/eventosaloia.com\/wp-content\/uploads\/2026\/03\/Captura-desde-2026-03-04-10-40-55.png 751w, https:\/\/eventosaloia.com\/wp-content\/uploads\/2026\/03\/Captura-desde-2026-03-04-10-40-55-268x300.png 268w, https:\/\/eventosaloia.com\/wp-content\/uploads\/2026\/03\/Captura-desde-2026-03-04-10-40-55-11x12.png 11w\" sizes=\"(max-width: 751px) 100vw, 751px\" \/>\t\t\t\t\t\t\t\t\t\t\t\t\t\t\t<\/div>\n\t\t\t\t<\/div>\n\t\t<div class=\"elementor-element elementor-element-12795c3 e-con-full e-flex e-con e-child\" data-id=\"12795c3\" data-element_type=\"container\" data-e-type=\"container\">\n\t\t\t\t<div class=\"elementor-element elementor-element-cdd5a2d elementor-widget elementor-widget-image\" data-id=\"cdd5a2d\" data-element_type=\"widget\" data-e-type=\"widget\" data-widget_type=\"image.default\">\n\t\t\t\t\t\t\t\t\t\t\t\t\t\t\t<img decoding=\"async\" width=\"751\" height=\"841\" src=\"https:\/\/eventosaloia.com\/wp-content\/uploads\/2026\/03\/Captura-desde-2026-03-04-10-41-18.png\" class=\"attachment-full size-full wp-image-206\" alt=\"\" srcset=\"https:\/\/eventosaloia.com\/wp-content\/uploads\/2026\/03\/Captura-desde-2026-03-04-10-41-18.png 751w, https:\/\/eventosaloia.com\/wp-content\/uploads\/2026\/03\/Captura-desde-2026-03-04-10-41-18-268x300.png 268w, https:\/\/eventosaloia.com\/wp-content\/uploads\/2026\/03\/Captura-desde-2026-03-04-10-41-18-11x12.png 11w\" sizes=\"(max-width: 751px) 100vw, 751px\" \/>\t\t\t\t\t\t\t\t\t\t\t\t\t\t\t<\/div>\n\t\t\t\t<\/div>\n\t\t\t\t<\/div>\n\t\t<div class=\"elementor-element elementor-element-8ca93cf e-flex e-con-boxed e-con e-parent\" data-id=\"8ca93cf\" data-element_type=\"container\" data-e-type=\"container\">\n\t\t\t\t\t<div class=\"e-con-inner\">\n\t\t\t\t<div class=\"elementor-element elementor-element-e6e86b9 elementor-widget elementor-widget-image\" data-id=\"e6e86b9\" data-element_type=\"widget\" data-e-type=\"widget\" data-widget_type=\"image.default\">\n\t\t\t\t\t\t\t\t\t\t\t\t\t\t\t<img loading=\"lazy\" decoding=\"async\" width=\"1097\" height=\"728\" src=\"https:\/\/eventosaloia.com\/wp-content\/uploads\/2026\/03\/Captura-desde-2026-03-04-10-42-24.png\" class=\"attachment-full size-full wp-image-213\" alt=\"\" srcset=\"https:\/\/eventosaloia.com\/wp-content\/uploads\/2026\/03\/Captura-desde-2026-03-04-10-42-24.png 1097w, https:\/\/eventosaloia.com\/wp-content\/uploads\/2026\/03\/Captura-desde-2026-03-04-10-42-24-300x199.png 300w, https:\/\/eventosaloia.com\/wp-content\/uploads\/2026\/03\/Captura-desde-2026-03-04-10-42-24-1024x680.png 1024w, https:\/\/eventosaloia.com\/wp-content\/uploads\/2026\/03\/Captura-desde-2026-03-04-10-42-24-768x510.png 768w, https:\/\/eventosaloia.com\/wp-content\/uploads\/2026\/03\/Captura-desde-2026-03-04-10-42-24-18x12.png 18w\" sizes=\"(max-width: 1097px) 100vw, 1097px\" \/>\t\t\t\t\t\t\t\t\t\t\t\t\t\t\t<\/div>\n\t\t\t\t\t<\/div>\n\t\t\t\t<\/div>\n\t\t\t\t<\/div>","protected":false},"excerpt":{"rendered":"<p>ALOIA, ESTUDIO FLORAL Y DECORACI\u00d3N DE EVENTOS Somos Nuria y Javi, el alma de ALOIA y nos gustar\u00eda que antes de nada nos conocieras un poco. Como maestros floristas nos encanta el mundo del dise\u00f1o, la decoraci\u00f3n, el amor por los peque\u00f1os detalles, la naturaleza y por supuesto, las flores. Nuestro camino por el mundo [&hellip;]<\/p>\n","protected":false},"author":1,"featured_media":0,"parent":0,"menu_order":0,"comment_status":"closed","ping_status":"closed","template":"elementor_canvas","meta":{"footnotes":""},"class_list":["post-201","page","type-page","status-publish","hentry"],"yoast_head":"<!-- This site is optimized with the Yoast SEO plugin v27.4 - https:\/\/yoast.com\/product\/yoast-seo-wordpress\/ -->\n<title>Inicio - Eventos Aloia<\/title>\n<meta name=\"robots\" content=\"index, follow, max-snippet:-1, max-image-preview:large, max-video-preview:-1\" \/>\n<link rel=\"canonical\" href=\"https:\/\/eventosaloia.com\/en\/\" \/>\n<meta property=\"og:locale\" content=\"en_US\" \/>\n<meta property=\"og:type\" content=\"article\" \/>\n<meta property=\"og:title\" content=\"Inicio - Eventos Aloia\" \/>\n<meta property=\"og:description\" content=\"ALOIA, ESTUDIO FLORAL Y DECORACI\u00d3N DE EVENTOS Somos Nuria y Javi, el alma de ALOIA y nos gustar\u00eda que antes de nada nos conocieras un poco. Como maestros floristas nos encanta el mundo del dise\u00f1o, la decoraci\u00f3n, el amor por los peque\u00f1os detalles, la naturaleza y por supuesto, las flores. Nuestro camino por el mundo [&hellip;]\" \/>\n<meta property=\"og:url\" content=\"https:\/\/eventosaloia.com\/en\/\" \/>\n<meta property=\"og:site_name\" content=\"Eventos Aloia\" \/>\n<meta property=\"article:modified_time\" content=\"2026-03-04T10:25:09+00:00\" \/>\n<meta property=\"og:image\" content=\"https:\/\/eventosaloia.com\/wp-content\/uploads\/2026\/03\/Logo-aloia-con-flor-e1772615100618.png\" \/>\n<meta name=\"twitter:card\" content=\"summary_large_image\" \/>\n<meta name=\"twitter:label1\" content=\"Est. reading time\" \/>\n\t<meta name=\"twitter:data1\" content=\"2 minutes\" \/>\n<script type=\"application\/ld+json\" class=\"yoast-schema-graph\">{\"@context\":\"https:\\\/\\\/schema.org\",\"@graph\":[{\"@type\":\"WebPage\",\"@id\":\"https:\\\/\\\/eventosaloia.com\\\/\",\"url\":\"https:\\\/\\\/eventosaloia.com\\\/\",\"name\":\"Inicio - Eventos Aloia\",\"isPartOf\":{\"@id\":\"https:\\\/\\\/eventosaloia.com\\\/#website\"},\"primaryImageOfPage\":{\"@id\":\"https:\\\/\\\/eventosaloia.com\\\/#primaryimage\"},\"image\":{\"@id\":\"https:\\\/\\\/eventosaloia.com\\\/#primaryimage\"},\"thumbnailUrl\":\"https:\\\/\\\/eventosaloia.com\\\/wp-content\\\/uploads\\\/2026\\\/03\\\/Logo-aloia-con-flor-e1772615100618.png\",\"datePublished\":\"2026-03-04T09:38:28+00:00\",\"dateModified\":\"2026-03-04T10:25:09+00:00\",\"breadcrumb\":{\"@id\":\"https:\\\/\\\/eventosaloia.com\\\/#breadcrumb\"},\"inLanguage\":\"en-US\",\"potentialAction\":[{\"@type\":\"ReadAction\",\"target\":[\"https:\\\/\\\/eventosaloia.com\\\/\"]}]},{\"@type\":\"ImageObject\",\"inLanguage\":\"en-US\",\"@id\":\"https:\\\/\\\/eventosaloia.com\\\/#primaryimage\",\"url\":\"https:\\\/\\\/eventosaloia.com\\\/wp-content\\\/uploads\\\/2026\\\/03\\\/Logo-aloia-con-flor-e1772615100618.png\",\"contentUrl\":\"https:\\\/\\\/eventosaloia.com\\\/wp-content\\\/uploads\\\/2026\\\/03\\\/Logo-aloia-con-flor-e1772615100618.png\"},{\"@type\":\"BreadcrumbList\",\"@id\":\"https:\\\/\\\/eventosaloia.com\\\/#breadcrumb\",\"itemListElement\":[{\"@type\":\"ListItem\",\"position\":1,\"name\":\"Portada\",\"item\":\"https:\\\/\\\/eventosaloia.com\\\/\"},{\"@type\":\"ListItem\",\"position\":2,\"name\":\"Inicio\"}]},{\"@type\":\"WebSite\",\"@id\":\"https:\\\/\\\/eventosaloia.com\\\/#website\",\"url\":\"https:\\\/\\\/eventosaloia.com\\\/\",\"name\":\"Eventos Aloia\",\"description\":\"ALOIA, ESTUDIO FLORAL Y DECORACI\u00d3N DE EVENTOS\",\"publisher\":{\"@id\":\"https:\\\/\\\/eventosaloia.com\\\/#organization\"},\"potentialAction\":[{\"@type\":\"SearchAction\",\"target\":{\"@type\":\"EntryPoint\",\"urlTemplate\":\"https:\\\/\\\/eventosaloia.com\\\/?s={search_term_string}\"},\"query-input\":{\"@type\":\"PropertyValueSpecification\",\"valueRequired\":true,\"valueName\":\"search_term_string\"}}],\"inLanguage\":\"en-US\"},{\"@type\":\"Organization\",\"@id\":\"https:\\\/\\\/eventosaloia.com\\\/#organization\",\"name\":\"Eventos Aloia\",\"url\":\"https:\\\/\\\/eventosaloia.com\\\/\",\"logo\":{\"@type\":\"ImageObject\",\"inLanguage\":\"en-US\",\"@id\":\"https:\\\/\\\/eventosaloia.com\\\/#\\\/schema\\\/logo\\\/image\\\/\",\"url\":\"https:\\\/\\\/eventosaloia.com\\\/wp-content\\\/uploads\\\/2026\\\/03\\\/cropped-logo-aloia-reducido.png\",\"contentUrl\":\"https:\\\/\\\/eventosaloia.com\\\/wp-content\\\/uploads\\\/2026\\\/03\\\/cropped-logo-aloia-reducido.png\",\"width\":332,\"height\":186,\"caption\":\"Eventos Aloia\"},\"image\":{\"@id\":\"https:\\\/\\\/eventosaloia.com\\\/#\\\/schema\\\/logo\\\/image\\\/\"}}]}<\/script>\n<!-- \/ Yoast SEO plugin. -->","yoast_head_json":{"title":"Inicio - Eventos Aloia","robots":{"index":"index","follow":"follow","max-snippet":"max-snippet:-1","max-image-preview":"max-image-preview:large","max-video-preview":"max-video-preview:-1"},"canonical":"https:\/\/eventosaloia.com\/en\/","og_locale":"en_US","og_type":"article","og_title":"Inicio - Eventos Aloia","og_description":"ALOIA, ESTUDIO FLORAL Y DECORACI\u00d3N DE EVENTOS Somos Nuria y Javi, el alma de ALOIA y nos gustar\u00eda que antes de nada nos conocieras un poco. Como maestros floristas nos encanta el mundo del dise\u00f1o, la decoraci\u00f3n, el amor por los peque\u00f1os detalles, la naturaleza y por supuesto, las flores. Nuestro camino por el mundo [&hellip;]","og_url":"https:\/\/eventosaloia.com\/en\/","og_site_name":"Eventos Aloia","article_modified_time":"2026-03-04T10:25:09+00:00","og_image":[{"url":"https:\/\/eventosaloia.com\/wp-content\/uploads\/2026\/03\/Logo-aloia-con-flor-e1772615100618.png","type":"","width":"","height":""}],"twitter_card":"summary_large_image","twitter_misc":{"Est. reading time":"2 minutes"},"schema":{"@context":"https:\/\/schema.org","@graph":[{"@type":"WebPage","@id":"https:\/\/eventosaloia.com\/","url":"https:\/\/eventosaloia.com\/","name":"Inicio - Eventos Aloia","isPartOf":{"@id":"https:\/\/eventosaloia.com\/#website"},"primaryImageOfPage":{"@id":"https:\/\/eventosaloia.com\/#primaryimage"},"image":{"@id":"https:\/\/eventosaloia.com\/#primaryimage"},"thumbnailUrl":"https:\/\/eventosaloia.com\/wp-content\/uploads\/2026\/03\/Logo-aloia-con-flor-e1772615100618.png","datePublished":"2026-03-04T09:38:28+00:00","dateModified":"2026-03-04T10:25:09+00:00","breadcrumb":{"@id":"https:\/\/eventosaloia.com\/#breadcrumb"},"inLanguage":"en-US","potentialAction":[{"@type":"ReadAction","target":["https:\/\/eventosaloia.com\/"]}]},{"@type":"ImageObject","inLanguage":"en-US","@id":"https:\/\/eventosaloia.com\/#primaryimage","url":"https:\/\/eventosaloia.com\/wp-content\/uploads\/2026\/03\/Logo-aloia-con-flor-e1772615100618.png","contentUrl":"https:\/\/eventosaloia.com\/wp-content\/uploads\/2026\/03\/Logo-aloia-con-flor-e1772615100618.png"},{"@type":"BreadcrumbList","@id":"https:\/\/eventosaloia.com\/#breadcrumb","itemListElement":[{"@type":"ListItem","position":1,"name":"Portada","item":"https:\/\/eventosaloia.com\/"},{"@type":"ListItem","position":2,"name":"Inicio"}]},{"@type":"WebSite","@id":"https:\/\/eventosaloia.com\/#website","url":"https:\/\/eventosaloia.com\/","name":"Eventos Aloia","description":"ALOIA, FLORAL STUDIO AND EVENT DECORATION","publisher":{"@id":"https:\/\/eventosaloia.com\/#organization"},"potentialAction":[{"@type":"SearchAction","target":{"@type":"EntryPoint","urlTemplate":"https:\/\/eventosaloia.com\/?s={search_term_string}"},"query-input":{"@type":"PropertyValueSpecification","valueRequired":true,"valueName":"search_term_string"}}],"inLanguage":"en-US"},{"@type":"Organization","@id":"https:\/\/eventosaloia.com\/#organization","name":"Eventos Aloia","url":"https:\/\/eventosaloia.com\/","logo":{"@type":"ImageObject","inLanguage":"en-US","@id":"https:\/\/eventosaloia.com\/#\/schema\/logo\/image\/","url":"https:\/\/eventosaloia.com\/wp-content\/uploads\/2026\/03\/cropped-logo-aloia-reducido.png","contentUrl":"https:\/\/eventosaloia.com\/wp-content\/uploads\/2026\/03\/cropped-logo-aloia-reducido.png","width":332,"height":186,"caption":"Eventos Aloia"},"image":{"@id":"https:\/\/eventosaloia.com\/#\/schema\/logo\/image\/"}}]}},"_links":{"self":[{"href":"https:\/\/eventosaloia.com\/en\/wp-json\/wp\/v2\/pages\/201","targetHints":{"allow":["GET"]}}],"collection":[{"href":"https:\/\/eventosaloia.com\/en\/wp-json\/wp\/v2\/pages"}],"about":[{"href":"https:\/\/eventosaloia.com\/en\/wp-json\/wp\/v2\/types\/page"}],"author":[{"embeddable":true,"href":"https:\/\/eventosaloia.com\/en\/wp-json\/wp\/v2\/users\/1"}],"replies":[{"embeddable":true,"href":"https:\/\/eventosaloia.com\/en\/wp-json\/wp\/v2\/comments?post=201"}],"version-history":[{"count":19,"href":"https:\/\/eventosaloia.com\/en\/wp-json\/wp\/v2\/pages\/201\/revisions"}],"predecessor-version":[{"id":274,"href":"https:\/\/eventosaloia.com\/en\/wp-json\/wp\/v2\/pages\/201\/revisions\/274"}],"wp:attachment":[{"href":"https:\/\/eventosaloia.com\/en\/wp-json\/wp\/v2\/media?parent=201"}],"curies":[{"name":"wp","href":"https:\/\/api.w.org\/{rel}","templated":true}]}}