{"id":14,"date":"2026-03-04T08:21:20","date_gmt":"2026-03-04T08:21:20","guid":{"rendered":"https:\/\/eventosaloia.rkinformatika.online\/?page_id=14"},"modified":"2026-03-17T12:56:45","modified_gmt":"2026-03-17T12:56:45","slug":"contacto","status":"publish","type":"page","link":"https:\/\/eventosaloia.com\/en\/contacto\/","title":{"rendered":"Contact"},"content":{"rendered":"\t\t<div data-elementor-type=\"wp-page\" data-elementor-id=\"14\" class=\"elementor elementor-14\" data-elementor-post-type=\"page\">\n\t\t\t\t<div class=\"elementor-element elementor-element-41380de e-con-full e-flex e-con e-parent\" data-id=\"41380de\" data-element_type=\"container\" data-e-type=\"container\" data-settings=\"{&quot;background_background&quot;:&quot;classic&quot;}\">\n\t\t\t\t<div class=\"elementor-element elementor-element-7377a50 elementor-widget-divider--view-line elementor-widget elementor-widget-divider\" data-id=\"7377a50\" data-element_type=\"widget\" data-e-type=\"widget\" data-widget_type=\"divider.default\">\n\t\t\t\t\t\t\t<div class=\"elementor-divider\">\n\t\t\t<span class=\"elementor-divider-separator\">\n\t\t\t\t\t\t<\/span>\n\t\t<\/div>\n\t\t\t\t\t\t<\/div>\n\t\t\t\t<div class=\"elementor-element elementor-element-a9f9274 elementor-widget elementor-widget-heading\" data-id=\"a9f9274\" data-element_type=\"widget\" data-e-type=\"widget\" data-widget_type=\"heading.default\">\n\t\t\t\t\t<h2 class=\"elementor-heading-title elementor-size-default\">CONTACTO<\/h2>\t\t\t\t<\/div>\n\t\t\t\t<div class=\"elementor-element elementor-element-ecbae03 elementor-widget elementor-widget-heading\" data-id=\"ecbae03\" data-element_type=\"widget\" data-e-type=\"widget\" data-widget_type=\"heading.default\">\n\t\t\t\t\t<h2 class=\"elementor-heading-title elementor-size-default\">Escribe cualquier duda o consulta.<\/h2>\t\t\t\t<\/div>\n\t\t\t\t<div class=\"elementor-element elementor-element-341a752 elementor-widget elementor-widget-text-editor\" data-id=\"341a752\" data-element_type=\"widget\" data-e-type=\"widget\" data-widget_type=\"text-editor.default\">\n\t\t\t\t\t\t\t\t\t<p>C\u00f3noce nuestros datos de contacto y resuelve por la v\u00eda que prefieras,<br \/>cualquier duda que te surja.<\/p>\t\t\t\t\t\t\t\t<\/div>\n\t\t\t\t<\/div>\n\t\t<div class=\"elementor-element elementor-element-024ae77 e-flex e-con-boxed e-con e-parent\" data-id=\"024ae77\" data-element_type=\"container\" data-e-type=\"container\" data-settings=\"{&quot;background_background&quot;:&quot;classic&quot;}\">\n\t\t\t\t\t<div class=\"e-con-inner\">\n\t\t<div class=\"elementor-element elementor-element-9c40d8a e-con-full e-flex e-con e-child\" data-id=\"9c40d8a\" data-element_type=\"container\" data-e-type=\"container\" data-settings=\"{&quot;background_background&quot;:&quot;classic&quot;}\">\n\t\t\t\t<div class=\"elementor-element elementor-element-10c9100 elementor-widget elementor-widget-image\" data-id=\"10c9100\" data-element_type=\"widget\" data-e-type=\"widget\" data-widget_type=\"image.default\">\n\t\t\t\t\t\t\t\t\t\t\t\t\t\t\t<img fetchpriority=\"high\" decoding=\"async\" width=\"512\" height=\"512\" src=\"https:\/\/eventosaloia.com\/wp-content\/uploads\/2026\/03\/smartphone.png\" class=\"attachment-full size-full wp-image-311\" alt=\"\" srcset=\"https:\/\/eventosaloia.com\/wp-content\/uploads\/2026\/03\/smartphone.png 512w, https:\/\/eventosaloia.com\/wp-content\/uploads\/2026\/03\/smartphone-300x300.png 300w, https:\/\/eventosaloia.com\/wp-content\/uploads\/2026\/03\/smartphone-150x150.png 150w, https:\/\/eventosaloia.com\/wp-content\/uploads\/2026\/03\/smartphone-12x12.png 12w\" sizes=\"(max-width: 512px) 100vw, 512px\" \/>\t\t\t\t\t\t\t\t\t\t\t\t\t\t\t<\/div>\n\t\t\t\t<div class=\"elementor-element elementor-element-0a98837 elementor-widget elementor-widget-heading\" data-id=\"0a98837\" data-element_type=\"widget\" data-e-type=\"widget\" data-widget_type=\"heading.default\">\n\t\t\t\t\t<h2 class=\"elementor-heading-title elementor-size-default\">LL\u00c1MANOS<\/h2>\t\t\t\t<\/div>\n\t\t\t\t<div class=\"elementor-element elementor-element-9ae57f1 elementor-widget elementor-widget-text-editor\" data-id=\"9ae57f1\" data-element_type=\"widget\" data-e-type=\"widget\" data-widget_type=\"text-editor.default\">\n\t\t\t\t\t\t\t\t\t<p><a href=\"http:\/\/Tel: 925 51 32 20\" data-dtype=\"d3ph\" data-local-attribute=\"d3ph\" data-ved=\"2ahUKEwj50Zr3iLn3AhWry4UKHfh8DOwQkAgoAHoECGYQAw\" data-wplink-url-error=\"true\"><span aria-label=\"Llamar al n\u00famero de tel\u00e9fono 925 51 32 20\">925 51 32 20<\/span><\/a><\/p><p><a href=\"http:\/\/Tel: 654 47 31 64\" data-wplink-url-error=\"true\"><span aria-label=\"Llamar al n\u00famero de tel\u00e9fono 925 51 32 20\">654 47 31 64<\/span><\/a><\/p>\t\t\t\t\t\t\t\t<\/div>\n\t\t\t\t<\/div>\n\t\t<div class=\"elementor-element elementor-element-64ca0df e-con-full e-flex e-con e-child\" data-id=\"64ca0df\" data-element_type=\"container\" data-e-type=\"container\" data-settings=\"{&quot;background_background&quot;:&quot;classic&quot;}\">\n\t\t\t\t<div class=\"elementor-element elementor-element-8de6c98 elementor-widget elementor-widget-image\" data-id=\"8de6c98\" data-element_type=\"widget\" data-e-type=\"widget\" data-widget_type=\"image.default\">\n\t\t\t\t\t\t\t\t\t\t\t\t\t\t\t<img decoding=\"async\" width=\"512\" height=\"512\" src=\"https:\/\/eventosaloia.com\/wp-content\/uploads\/2026\/03\/email-1.png\" class=\"attachment-full size-full wp-image-312\" alt=\"\" srcset=\"https:\/\/eventosaloia.com\/wp-content\/uploads\/2026\/03\/email-1.png 512w, https:\/\/eventosaloia.com\/wp-content\/uploads\/2026\/03\/email-1-300x300.png 300w, https:\/\/eventosaloia.com\/wp-content\/uploads\/2026\/03\/email-1-150x150.png 150w, https:\/\/eventosaloia.com\/wp-content\/uploads\/2026\/03\/email-1-12x12.png 12w\" sizes=\"(max-width: 512px) 100vw, 512px\" \/>\t\t\t\t\t\t\t\t\t\t\t\t\t\t\t<\/div>\n\t\t\t\t<div class=\"elementor-element elementor-element-06f2540 elementor-widget elementor-widget-heading\" data-id=\"06f2540\" data-element_type=\"widget\" data-e-type=\"widget\" data-widget_type=\"heading.default\">\n\t\t\t\t\t<h2 class=\"elementor-heading-title elementor-size-default\">ESCR\u00cdBENOS<\/h2>\t\t\t\t<\/div>\n\t\t\t\t<div class=\"elementor-element elementor-element-e2beea8 elementor-widget elementor-widget-text-editor\" data-id=\"e2beea8\" data-element_type=\"widget\" data-e-type=\"widget\" data-widget_type=\"text-editor.default\">\n\t\t\t\t\t\t\t\t\t<p><strong>INFORMACI\u00d3N BODAS Y EVENTOS<\/strong>: <a href=\"mailto:info@aloiaestudiofloral.com\">info@aloiaestudiofloral.com<\/a>\u00a0<\/p>\t\t\t\t\t\t\t\t<\/div>\n\t\t\t\t<\/div>\n\t\t<div class=\"elementor-element elementor-element-9968bec e-con-full e-flex e-con e-child\" data-id=\"9968bec\" data-element_type=\"container\" data-e-type=\"container\" data-settings=\"{&quot;background_background&quot;:&quot;classic&quot;}\">\n\t\t\t\t<div class=\"elementor-element elementor-element-7d306c4 elementor-widget elementor-widget-image\" data-id=\"7d306c4\" data-element_type=\"widget\" data-e-type=\"widget\" data-widget_type=\"image.default\">\n\t\t\t\t\t\t\t\t\t\t\t\t\t\t\t<img decoding=\"async\" width=\"512\" height=\"512\" src=\"https:\/\/eventosaloia.com\/wp-content\/uploads\/2026\/03\/horario-de-trabajo.png\" class=\"attachment-full size-full wp-image-316\" alt=\"\" srcset=\"https:\/\/eventosaloia.com\/wp-content\/uploads\/2026\/03\/horario-de-trabajo.png 512w, https:\/\/eventosaloia.com\/wp-content\/uploads\/2026\/03\/horario-de-trabajo-300x300.png 300w, https:\/\/eventosaloia.com\/wp-content\/uploads\/2026\/03\/horario-de-trabajo-150x150.png 150w, https:\/\/eventosaloia.com\/wp-content\/uploads\/2026\/03\/horario-de-trabajo-12x12.png 12w\" sizes=\"(max-width: 512px) 100vw, 512px\" \/>\t\t\t\t\t\t\t\t\t\t\t\t\t\t\t<\/div>\n\t\t\t\t<div class=\"elementor-element elementor-element-dc567cb elementor-widget elementor-widget-heading\" data-id=\"dc567cb\" data-element_type=\"widget\" data-e-type=\"widget\" data-widget_type=\"heading.default\">\n\t\t\t\t\t<h2 class=\"elementor-heading-title elementor-size-default\">HORARIO<\/h2>\t\t\t\t<\/div>\n\t\t\t\t<div class=\"elementor-element elementor-element-4dd9aa9 elementor-widget elementor-widget-text-editor\" data-id=\"4dd9aa9\" data-element_type=\"widget\" data-e-type=\"widget\" data-widget_type=\"text-editor.default\">\n\t\t\t\t\t\t\t\t\t<p><strong>ONLINE: <\/strong>Abierto 24 horas<\/p>\n<p><strong>ESTUDIO FLORAL:<\/strong>\u00a0<\/p>\n<p>L-V:\u00a010:00\u201313:30 | 17:00\u201320:00<\/p>\n<p>S: 10:00\u201314:00<\/p>\t\t\t\t\t\t\t\t<\/div>\n\t\t\t\t<\/div>\n\t\t\t\t\t<\/div>\n\t\t\t\t<\/div>\n\t\t<div class=\"elementor-element elementor-element-7ea8d1c e-flex e-con-boxed e-con e-parent\" data-id=\"7ea8d1c\" data-element_type=\"container\" data-e-type=\"container\">\n\t\t\t\t\t<div class=\"e-con-inner\">\n\t\t<div class=\"elementor-element elementor-element-4904872 e-con-full e-flex e-con e-child\" data-id=\"4904872\" data-element_type=\"container\" data-e-type=\"container\">\n\t\t\t\t<div class=\"elementor-element elementor-element-00539e0 elementor-widget-divider--view-line elementor-widget elementor-widget-divider\" data-id=\"00539e0\" data-element_type=\"widget\" data-e-type=\"widget\" data-widget_type=\"divider.default\">\n\t\t\t\t\t\t\t<div class=\"elementor-divider\">\n\t\t\t<span class=\"elementor-divider-separator\">\n\t\t\t\t\t\t<\/span>\n\t\t<\/div>\n\t\t\t\t\t\t<\/div>\n\t\t\t\t<div class=\"elementor-element elementor-element-c1c083a elementor-widget elementor-widget-heading\" data-id=\"c1c083a\" data-element_type=\"widget\" data-e-type=\"widget\" data-widget_type=\"heading.default\">\n\t\t\t\t\t<h2 class=\"elementor-heading-title elementor-size-default\">Rellena el formulario para consultar cualquier duda.<\/h2>\t\t\t\t<\/div>\n\t\t\t\t<div class=\"elementor-element elementor-element-534e2b0 elementor-button-align-center elementor-widget__width-initial elementor-widget elementor-widget-form\" data-id=\"534e2b0\" data-element_type=\"widget\" data-e-type=\"widget\" data-settings=\"{&quot;step_next_label&quot;:&quot;Next&quot;,&quot;step_previous_label&quot;:&quot;Previous&quot;,&quot;button_width&quot;:&quot;100&quot;,&quot;step_type&quot;:&quot;number_text&quot;,&quot;step_icon_shape&quot;:&quot;circle&quot;}\" data-widget_type=\"form.default\">\n\t\t\t\t\t\t\t<form class=\"elementor-form\" method=\"post\" name=\"Contacto\" aria-label=\"Contacto\">\n\t\t\t<input type=\"hidden\" name=\"post_id\" value=\"14\"\/>\n\t\t\t<input type=\"hidden\" name=\"form_id\" value=\"534e2b0\"\/>\n\t\t\t<input type=\"hidden\" name=\"referer_title\" value=\"Eventos Aloia\" \/>\n\n\t\t\t\n\t\t\t<div class=\"elementor-form-fields-wrapper elementor-labels-\">\n\t\t\t\t\t\t\t\t<div class=\"elementor-field-type-text elementor-field-group elementor-column elementor-field-group-name elementor-col-50 elementor-field-required\">\n\t\t\t\t\t\t\t\t\t\t\t\t<label for=\"form-field-name\" class=\"elementor-field-label elementor-screen-only\">\n\t\t\t\t\t\t\t\tName\t\t\t\t\t\t\t<\/label>\n\t\t\t\t\t\t\t\t\t\t\t\t\t\t<input size=\"1\" type=\"text\" name=\"form_fields[name]\" id=\"form-field-name\" class=\"elementor-field elementor-size-sm  elementor-field-textual\" placeholder=\"Nombre\" required=\"required\">\n\t\t\t\t\t\t\t\t\t\t\t<\/div>\n\t\t\t\t\t\t\t\t<div class=\"elementor-field-type-email elementor-field-group elementor-column elementor-field-group-email elementor-col-50 elementor-field-required\">\n\t\t\t\t\t\t\t\t\t\t\t\t<label for=\"form-field-email\" class=\"elementor-field-label elementor-screen-only\">\n\t\t\t\t\t\t\t\tEmail\t\t\t\t\t\t\t<\/label>\n\t\t\t\t\t\t\t\t\t\t\t\t\t\t<input size=\"1\" type=\"email\" name=\"form_fields[email]\" id=\"form-field-email\" class=\"elementor-field elementor-size-sm  elementor-field-textual\" placeholder=\"Email\" required=\"required\">\n\t\t\t\t\t\t\t\t\t\t\t<\/div>\n\t\t\t\t\t\t\t\t<div class=\"elementor-field-type-textarea elementor-field-group elementor-column elementor-field-group-field_5d08d9b elementor-col-100 elementor-field-required\">\n\t\t\t\t\t\t\t\t\t\t\t\t<label for=\"form-field-field_5d08d9b\" class=\"elementor-field-label elementor-screen-only\">\n\t\t\t\t\t\t\t\tMensaje\t\t\t\t\t\t\t<\/label>\n\t\t\t\t\t\t<textarea class=\"elementor-field-textual elementor-field  elementor-size-sm\" name=\"form_fields[field_5d08d9b]\" id=\"form-field-field_5d08d9b\" rows=\"4\" placeholder=\"Mensaje\" required=\"required\"><\/textarea>\t\t\t\t<\/div>\n\t\t\t\t\t\t\t\t<div class=\"elementor-field-type-checkbox elementor-field-group elementor-column elementor-field-group-field_5de6374 elementor-col-100\">\n\t\t\t\t\t\t\t\t\t\t\t\t<label for=\"form-field-field_5de6374\" class=\"elementor-field-label elementor-screen-only\">\n\t\t\t\t\t\t\t\tHe Le\u00eddo \t\t\t\t\t\t\t<\/label>\n\t\t\t\t\t\t<div class=\"elementor-field-subgroup  \"><span class=\"elementor-field-option\"><input type=\"checkbox\" value=\"He Le\u00eddo y Acepto la &lt;a href=&quot;https:\/\/rksolutions.es\/politica-de-privacidad\/&quot; onclick=&quot;window.open(this.href,&#039;privacidad&#039;,&#039;width=800,height=600&#039;);return false;&quot;&gt;Pol\u00edtica de Privacidad&lt;\/a&gt;\" id=\"form-field-field_5de6374-0\" name=\"form_fields[field_5de6374]\"> <label for=\"form-field-field_5de6374-0\">He Le\u00eddo y Acepto la <a href=\"https:\/\/rksolutions.es\/politica-de-privacidad\/\" onclick=\"window.open(this.href,'privacidad','width=800,height=600');return false;\">Pol\u00edtica de Privacidad<\/a><\/label><\/span><\/div>\t\t\t\t<\/div>\n\t\t\t\t\t\t\t\t<div class=\"elementor-field-type-recaptcha_v3 elementor-field-group elementor-column elementor-field-group-field_9e00c78 elementor-col-100 recaptcha_v3-bottomright\">\n\t\t\t\t\t<div class=\"elementor-field\" id=\"form-field-field_9e00c78\"><div class=\"elementor-g-recaptcha\" data-sitekey=\"6Lfqe38sAAAAAIYza1DjW3ywSMcAtdYPKRewYoz_\" data-type=\"v3\" data-action=\"Form\" data-badge=\"bottomright\" data-size=\"invisible\"><\/div><\/div>\t\t\t\t<\/div>\n\t\t\t\t\t\t\t\t<div class=\"elementor-field-group elementor-column elementor-field-type-submit elementor-col-100 e-form__buttons\">\n\t\t\t\t\t<button class=\"elementor-button elementor-size-md\" type=\"submit\">\n\t\t\t\t\t\t<span class=\"elementor-button-content-wrapper\">\n\t\t\t\t\t\t\t\t\t\t\t\t\t\t\t\t\t\t\t\t\t\t<span class=\"elementor-button-text\">ENVIAR<\/span>\n\t\t\t\t\t\t\t\t\t\t\t\t\t<\/span>\n\t\t\t\t\t<\/button>\n\t\t\t\t<\/div>\n\t\t\t<\/div>\n\t\t<\/form>\n\t\t\t\t\t\t<\/div>\n\t\t\t\t<\/div>\n\t\t\t\t\t<\/div>\n\t\t\t\t<\/div>\n\t\t<div class=\"elementor-element elementor-element-129036e e-con-full e-flex e-con e-parent\" data-id=\"129036e\" data-element_type=\"container\" data-e-type=\"container\">\n\t\t\t\t<div class=\"elementor-element elementor-element-bc24cca elementor-widget elementor-widget-google_maps\" data-id=\"bc24cca\" data-element_type=\"widget\" data-e-type=\"widget\" data-widget_type=\"google_maps.default\">\n\t\t\t\t\t\t\t<div class=\"elementor-custom-embed\">\n\t\t\t<iframe loading=\"lazy\"\n\t\t\t\t\tsrc=\"https:\/\/maps.google.com\/maps?q=Aloia%20Estudio%20Floral&#038;t=m&#038;z=15&#038;output=embed&#038;iwloc=near\"\n\t\t\t\t\ttitle=\"Aloia Estudio Floral\"\n\t\t\t\t\taria-label=\"Aloia Estudio Floral\"\n\t\t\t><\/iframe>\n\t\t<\/div>\n\t\t\t\t\t\t<\/div>\n\t\t\t\t<\/div>\n\t\t\t\t<\/div>\n\t\t","protected":false},"excerpt":{"rendered":"<p>CONTACTO Escribe cualquier duda o consulta. C\u00f3noce nuestros datos de contacto y resuelve por la v\u00eda que prefieras,cualquier duda que te surja. LL\u00c1MANOS 925 51 32 20 654 47 31 64 ESCR\u00cdBENOS INFORMACI\u00d3N BODAS Y EVENTOS: info@aloiaestudiofloral.com\u00a0 HORARIO ONLINE: Abierto 24 horas ESTUDIO FLORAL:\u00a0 L-V:\u00a010:00\u201313:30 | 17:00\u201320:00 S: 10:00\u201314:00 Rellena el formulario para consultar cualquier [&hellip;]<\/p>\n","protected":false},"author":1,"featured_media":0,"parent":0,"menu_order":0,"comment_status":"closed","ping_status":"closed","template":"elementor_canvas","meta":{"footnotes":""},"class_list":["post-14","page","type-page","status-publish","hentry"],"yoast_head":"<!-- This site is optimized with the Yoast SEO plugin v27.4 - https:\/\/yoast.com\/product\/yoast-seo-wordpress\/ -->\n<title>Contacto - Eventos Aloia<\/title>\n<meta name=\"robots\" content=\"index, follow, max-snippet:-1, max-image-preview:large, max-video-preview:-1\" \/>\n<link rel=\"canonical\" href=\"https:\/\/eventosaloia.com\/en\/contacto\/\" \/>\n<meta property=\"og:locale\" content=\"en_US\" \/>\n<meta property=\"og:type\" content=\"article\" \/>\n<meta property=\"og:title\" content=\"Contacto - Eventos Aloia\" \/>\n<meta property=\"og:description\" content=\"CONTACTO Escribe cualquier duda o consulta. C\u00f3noce nuestros datos de contacto y resuelve por la v\u00eda que prefieras,cualquier duda que te surja. LL\u00c1MANOS 925 51 32 20 654 47 31 64 ESCR\u00cdBENOS INFORMACI\u00d3N BODAS Y EVENTOS: info@aloiaestudiofloral.com\u00a0 HORARIO ONLINE: Abierto 24 horas ESTUDIO FLORAL:\u00a0 L-V:\u00a010:00\u201313:30 | 17:00\u201320:00 S: 10:00\u201314:00 Rellena el formulario para consultar cualquier [&hellip;]\" \/>\n<meta property=\"og:url\" content=\"https:\/\/eventosaloia.com\/en\/contacto\/\" \/>\n<meta property=\"og:site_name\" content=\"Eventos Aloia\" \/>\n<meta property=\"article:modified_time\" content=\"2026-03-17T12:56:45+00:00\" \/>\n<meta property=\"og:image\" content=\"https:\/\/eventosaloia.com\/wp-content\/uploads\/2026\/03\/smartphone.png\" \/>\n<meta name=\"twitter:card\" content=\"summary_large_image\" \/>\n<meta name=\"twitter:label1\" content=\"Est. reading time\" \/>\n\t<meta name=\"twitter:data1\" content=\"1 minute\" \/>\n<script type=\"application\/ld+json\" class=\"yoast-schema-graph\">{\"@context\":\"https:\\\/\\\/schema.org\",\"@graph\":[{\"@type\":\"WebPage\",\"@id\":\"https:\\\/\\\/eventosaloia.com\\\/contacto\\\/\",\"url\":\"https:\\\/\\\/eventosaloia.com\\\/contacto\\\/\",\"name\":\"Contacto - Eventos Aloia\",\"isPartOf\":{\"@id\":\"https:\\\/\\\/eventosaloia.com\\\/#website\"},\"primaryImageOfPage\":{\"@id\":\"https:\\\/\\\/eventosaloia.com\\\/contacto\\\/#primaryimage\"},\"image\":{\"@id\":\"https:\\\/\\\/eventosaloia.com\\\/contacto\\\/#primaryimage\"},\"thumbnailUrl\":\"https:\\\/\\\/eventosaloia.com\\\/wp-content\\\/uploads\\\/2026\\\/03\\\/smartphone.png\",\"datePublished\":\"2026-03-04T08:21:20+00:00\",\"dateModified\":\"2026-03-17T12:56:45+00:00\",\"breadcrumb\":{\"@id\":\"https:\\\/\\\/eventosaloia.com\\\/contacto\\\/#breadcrumb\"},\"inLanguage\":\"en-US\",\"potentialAction\":[{\"@type\":\"ReadAction\",\"target\":[\"https:\\\/\\\/eventosaloia.com\\\/contacto\\\/\"]}]},{\"@type\":\"ImageObject\",\"inLanguage\":\"en-US\",\"@id\":\"https:\\\/\\\/eventosaloia.com\\\/contacto\\\/#primaryimage\",\"url\":\"https:\\\/\\\/eventosaloia.com\\\/wp-content\\\/uploads\\\/2026\\\/03\\\/smartphone.png\",\"contentUrl\":\"https:\\\/\\\/eventosaloia.com\\\/wp-content\\\/uploads\\\/2026\\\/03\\\/smartphone.png\"},{\"@type\":\"BreadcrumbList\",\"@id\":\"https:\\\/\\\/eventosaloia.com\\\/contacto\\\/#breadcrumb\",\"itemListElement\":[{\"@type\":\"ListItem\",\"position\":1,\"name\":\"Portada\",\"item\":\"https:\\\/\\\/eventosaloia.com\\\/\"},{\"@type\":\"ListItem\",\"position\":2,\"name\":\"Contacto\"}]},{\"@type\":\"WebSite\",\"@id\":\"https:\\\/\\\/eventosaloia.com\\\/#website\",\"url\":\"https:\\\/\\\/eventosaloia.com\\\/\",\"name\":\"Eventos Aloia\",\"description\":\"ALOIA, ESTUDIO FLORAL Y DECORACI\u00d3N DE EVENTOS\",\"publisher\":{\"@id\":\"https:\\\/\\\/eventosaloia.com\\\/#organization\"},\"potentialAction\":[{\"@type\":\"SearchAction\",\"target\":{\"@type\":\"EntryPoint\",\"urlTemplate\":\"https:\\\/\\\/eventosaloia.com\\\/?s={search_term_string}\"},\"query-input\":{\"@type\":\"PropertyValueSpecification\",\"valueRequired\":true,\"valueName\":\"search_term_string\"}}],\"inLanguage\":\"en-US\"},{\"@type\":\"Organization\",\"@id\":\"https:\\\/\\\/eventosaloia.com\\\/#organization\",\"name\":\"Eventos Aloia\",\"url\":\"https:\\\/\\\/eventosaloia.com\\\/\",\"logo\":{\"@type\":\"ImageObject\",\"inLanguage\":\"en-US\",\"@id\":\"https:\\\/\\\/eventosaloia.com\\\/#\\\/schema\\\/logo\\\/image\\\/\",\"url\":\"https:\\\/\\\/eventosaloia.com\\\/wp-content\\\/uploads\\\/2026\\\/03\\\/cropped-logo-aloia-reducido.png\",\"contentUrl\":\"https:\\\/\\\/eventosaloia.com\\\/wp-content\\\/uploads\\\/2026\\\/03\\\/cropped-logo-aloia-reducido.png\",\"width\":332,\"height\":186,\"caption\":\"Eventos Aloia\"},\"image\":{\"@id\":\"https:\\\/\\\/eventosaloia.com\\\/#\\\/schema\\\/logo\\\/image\\\/\"}}]}<\/script>\n<!-- \/ Yoast SEO plugin. -->","yoast_head_json":{"title":"Contacto - Eventos Aloia","robots":{"index":"index","follow":"follow","max-snippet":"max-snippet:-1","max-image-preview":"max-image-preview:large","max-video-preview":"max-video-preview:-1"},"canonical":"https:\/\/eventosaloia.com\/en\/contacto\/","og_locale":"en_US","og_type":"article","og_title":"Contacto - Eventos Aloia","og_description":"CONTACTO Escribe cualquier duda o consulta. C\u00f3noce nuestros datos de contacto y resuelve por la v\u00eda que prefieras,cualquier duda que te surja. LL\u00c1MANOS 925 51 32 20 654 47 31 64 ESCR\u00cdBENOS INFORMACI\u00d3N BODAS Y EVENTOS: info@aloiaestudiofloral.com\u00a0 HORARIO ONLINE: Abierto 24 horas ESTUDIO FLORAL:\u00a0 L-V:\u00a010:00\u201313:30 | 17:00\u201320:00 S: 10:00\u201314:00 Rellena el formulario para consultar cualquier [&hellip;]","og_url":"https:\/\/eventosaloia.com\/en\/contacto\/","og_site_name":"Eventos Aloia","article_modified_time":"2026-03-17T12:56:45+00:00","og_image":[{"url":"https:\/\/eventosaloia.com\/wp-content\/uploads\/2026\/03\/smartphone.png","type":"","width":"","height":""}],"twitter_card":"summary_large_image","twitter_misc":{"Est. reading time":"1 minute"},"schema":{"@context":"https:\/\/schema.org","@graph":[{"@type":"WebPage","@id":"https:\/\/eventosaloia.com\/contacto\/","url":"https:\/\/eventosaloia.com\/contacto\/","name":"Contacto - Eventos Aloia","isPartOf":{"@id":"https:\/\/eventosaloia.com\/#website"},"primaryImageOfPage":{"@id":"https:\/\/eventosaloia.com\/contacto\/#primaryimage"},"image":{"@id":"https:\/\/eventosaloia.com\/contacto\/#primaryimage"},"thumbnailUrl":"https:\/\/eventosaloia.com\/wp-content\/uploads\/2026\/03\/smartphone.png","datePublished":"2026-03-04T08:21:20+00:00","dateModified":"2026-03-17T12:56:45+00:00","breadcrumb":{"@id":"https:\/\/eventosaloia.com\/contacto\/#breadcrumb"},"inLanguage":"en-US","potentialAction":[{"@type":"ReadAction","target":["https:\/\/eventosaloia.com\/contacto\/"]}]},{"@type":"ImageObject","inLanguage":"en-US","@id":"https:\/\/eventosaloia.com\/contacto\/#primaryimage","url":"https:\/\/eventosaloia.com\/wp-content\/uploads\/2026\/03\/smartphone.png","contentUrl":"https:\/\/eventosaloia.com\/wp-content\/uploads\/2026\/03\/smartphone.png"},{"@type":"BreadcrumbList","@id":"https:\/\/eventosaloia.com\/contacto\/#breadcrumb","itemListElement":[{"@type":"ListItem","position":1,"name":"Portada","item":"https:\/\/eventosaloia.com\/"},{"@type":"ListItem","position":2,"name":"Contacto"}]},{"@type":"WebSite","@id":"https:\/\/eventosaloia.com\/#website","url":"https:\/\/eventosaloia.com\/","name":"Eventos Aloia","description":"ALOIA, FLORAL STUDIO AND EVENT DECORATION","publisher":{"@id":"https:\/\/eventosaloia.com\/#organization"},"potentialAction":[{"@type":"SearchAction","target":{"@type":"EntryPoint","urlTemplate":"https:\/\/eventosaloia.com\/?s={search_term_string}"},"query-input":{"@type":"PropertyValueSpecification","valueRequired":true,"valueName":"search_term_string"}}],"inLanguage":"en-US"},{"@type":"Organization","@id":"https:\/\/eventosaloia.com\/#organization","name":"Eventos Aloia","url":"https:\/\/eventosaloia.com\/","logo":{"@type":"ImageObject","inLanguage":"en-US","@id":"https:\/\/eventosaloia.com\/#\/schema\/logo\/image\/","url":"https:\/\/eventosaloia.com\/wp-content\/uploads\/2026\/03\/cropped-logo-aloia-reducido.png","contentUrl":"https:\/\/eventosaloia.com\/wp-content\/uploads\/2026\/03\/cropped-logo-aloia-reducido.png","width":332,"height":186,"caption":"Eventos Aloia"},"image":{"@id":"https:\/\/eventosaloia.com\/#\/schema\/logo\/image\/"}}]}},"_links":{"self":[{"href":"https:\/\/eventosaloia.com\/en\/wp-json\/wp\/v2\/pages\/14","targetHints":{"allow":["GET"]}}],"collection":[{"href":"https:\/\/eventosaloia.com\/en\/wp-json\/wp\/v2\/pages"}],"about":[{"href":"https:\/\/eventosaloia.com\/en\/wp-json\/wp\/v2\/types\/page"}],"author":[{"embeddable":true,"href":"https:\/\/eventosaloia.com\/en\/wp-json\/wp\/v2\/users\/1"}],"replies":[{"embeddable":true,"href":"https:\/\/eventosaloia.com\/en\/wp-json\/wp\/v2\/comments?post=14"}],"version-history":[{"count":118,"href":"https:\/\/eventosaloia.com\/en\/wp-json\/wp\/v2\/pages\/14\/revisions"}],"predecessor-version":[{"id":668,"href":"https:\/\/eventosaloia.com\/en\/wp-json\/wp\/v2\/pages\/14\/revisions\/668"}],"wp:attachment":[{"href":"https:\/\/eventosaloia.com\/en\/wp-json\/wp\/v2\/media?parent=14"}],"curies":[{"name":"wp","href":"https:\/\/api.w.org\/{rel}","templated":true}]}}